{"id":9,"date":"2023-09-12T18:56:21","date_gmt":"2023-09-12T21:56:21","guid":{"rendered":"https:\/\/aarb.org.br\/seloacaoetica\/?page_id=9"},"modified":"2023-09-14T19:26:42","modified_gmt":"2023-09-14T22:26:42","slug":"como-aderir","status":"publish","type":"page","link":"https:\/\/aarb.org.br\/seloacaoetica\/como-aderir\/","title":{"rendered":"Como Aderir"},"content":{"rendered":"\n<p><strong>Regras para Concess\u00e3o do Selo<\/strong><\/p>\n\n\n\n<p>A Autoridade de Registro que aderir ao Selo:<\/p>\n\n\n\n<ul><li>Dever\u00e1 ser associada a AARB;<\/li><li>Compromete-se a assinar a Carta de Princ\u00edpios que norteia a A\u00e7\u00e3o \u00c9tica em Certifica\u00e7\u00e3o Digital;<\/li><li>Compromete-se a responder questionamentos oriundos da sociedade, caso haja alguma manifesta\u00e7\u00e3o em rela\u00e7\u00e3o a sua n\u00e3o observ\u00e2ncia a Carta de Princ\u00edpios. Tais questionamentos e as respostas dever\u00e3o ser encaminhados a Diretoria da AARB, que dar\u00e1 transpar\u00eancia ao di\u00e1logo.<\/li><\/ul>\n\n\n\n<p>Caber\u00e1 a Diretoria da AARB conceder o selo \u00e0s empresas aderentes, mediante o recebimento da solicita\u00e7\u00e3o, envio do \u00faltimo relat\u00f3rio de Auditoria vigente e assinatura da Carta Compromisso.<\/p>\n","protected":false},"excerpt":{"rendered":"<p>Regras para Concess\u00e3o do Selo A Autoridade de Registro que aderir ao Selo: Dever\u00e1 ser associada a AARB; Compromete-se a assinar a Carta de Princ\u00edpios que norteia a A\u00e7\u00e3o \u00c9tica em Certifica\u00e7\u00e3o Digital; Compromete-se a responder questionamentos oriundos da sociedade, caso haja alguma manifesta\u00e7\u00e3o em rela\u00e7\u00e3o a sua n\u00e3o observ\u00e2ncia a Carta de Princ\u00edpios. Tais questionamentos e as respostas dever\u00e3o ser encaminhados a Diretoria da AARB, que dar\u00e1 transpar\u00eancia ao di\u00e1logo. Caber\u00e1 a Diretoria da AARB conceder o selo \u00e0s empresas aderentes, mediante o recebimento da solicita\u00e7\u00e3o, envio do \u00faltimo relat\u00f3rio de Auditoria vigente e assinatura da Carta Compromisso.<\/p>\n","protected":false},"author":1,"featured_media":30,"parent":0,"menu_order":0,"comment_status":"closed","ping_status":"closed","template":"page-fullwidth.php","meta":[],"_links":{"self":[{"href":"https:\/\/aarb.org.br\/seloacaoetica\/wp-json\/wp\/v2\/pages\/9"}],"collection":[{"href":"https:\/\/aarb.org.br\/seloacaoetica\/wp-json\/wp\/v2\/pages"}],"about":[{"href":"https:\/\/aarb.org.br\/seloacaoetica\/wp-json\/wp\/v2\/types\/page"}],"author":[{"embeddable":true,"href":"https:\/\/aarb.org.br\/seloacaoetica\/wp-json\/wp\/v2\/users\/1"}],"replies":[{"embeddable":true,"href":"https:\/\/aarb.org.br\/seloacaoetica\/wp-json\/wp\/v2\/comments?post=9"}],"version-history":[{"count":4,"href":"https:\/\/aarb.org.br\/seloacaoetica\/wp-json\/wp\/v2\/pages\/9\/revisions"}],"predecessor-version":[{"id":50,"href":"https:\/\/aarb.org.br\/seloacaoetica\/wp-json\/wp\/v2\/pages\/9\/revisions\/50"}],"wp:featuredmedia":[{"embeddable":true,"href":"https:\/\/aarb.org.br\/seloacaoetica\/wp-json\/wp\/v2\/media\/30"}],"wp:attachment":[{"href":"https:\/\/aarb.org.br\/seloacaoetica\/wp-json\/wp\/v2\/media?parent=9"}],"curies":[{"name":"wp","href":"https:\/\/api.w.org\/{rel}","templated":true}]}}