{"id":5,"date":"2023-09-12T18:55:22","date_gmt":"2023-09-12T21:55:22","guid":{"rendered":"https:\/\/aarb.org.br\/seloacaoetica\/?page_id=5"},"modified":"2023-09-14T19:25:07","modified_gmt":"2023-09-14T22:25:07","slug":"o-que-e-o-selo-de-acao-etica","status":"publish","type":"page","link":"https:\/\/aarb.org.br\/seloacaoetica\/","title":{"rendered":"O que \u00e9 o Selo de A\u00e7\u00e3o \u00c9tica"},"content":{"rendered":"\n<p>A Certifica\u00e7\u00e3o Digital no Brasil \u00e9 resultado de uma pol\u00edtica p\u00fablica de sucesso h\u00e1 mais de vinte anos.<\/p>\n\n\n\n<p>As milhares de empresas e dezenas de milhares de trabalhadoras e trabalhadores operam a ICP-Brasil (Infraestrutura de Chaves P\u00fablicas Brasileira) que oferece aos consumidores um meio seguro de realizar transa\u00e7\u00f5es e neg\u00f3cios pela internet. A legisla\u00e7\u00e3o e a normativa que ampara a atividade garante a seguran\u00e7a da cadeia de confian\u00e7a da certifica\u00e7\u00e3o digital.<\/p>\n\n\n\n<p>Al\u00e9m de observar as normas do segmento, as empresas e seus colaboradores devem seguir ditames \u00e9ticos para a a\u00e7\u00e3o no ambiente de neg\u00f3cios e nas pr\u00e1ticas concorrenciais, no ambiente laboral, em sustentabilidade e na necess\u00e1ria transpar\u00eancia de decis\u00f5es empresariais. <\/p>\n\n\n\n<p>O Selo A\u00e7\u00e3o \u00c9tica, lan\u00e7ado pela AARB em Agosto de 2023, traduz o compromisso das Autoridades de Registro aderentes com pr\u00e1ticas \u00e9ticas de gest\u00e3o e neg\u00f3cios.<\/p>\n","protected":false},"excerpt":{"rendered":"<p>A Certifica\u00e7\u00e3o Digital no Brasil \u00e9 resultado de uma pol\u00edtica p\u00fablica de sucesso h\u00e1 mais de vinte anos. As milhares de empresas e dezenas de milhares de trabalhadoras e trabalhadores operam a ICP-Brasil (Infraestrutura de Chaves P\u00fablicas Brasileira) que oferece aos consumidores um meio seguro de realizar transa\u00e7\u00f5es e neg\u00f3cios pela internet. A legisla\u00e7\u00e3o e a normativa que ampara a atividade garante a seguran\u00e7a da cadeia de confian\u00e7a da certifica\u00e7\u00e3o digital. Al\u00e9m de observar as normas do segmento, as empresas e seus colaboradores devem seguir ditames \u00e9ticos para a a\u00e7\u00e3o no ambiente de neg\u00f3cios e nas pr\u00e1ticas concorrenciais, no ambiente laboral, em sustentabilidade e na necess\u00e1ria transpar\u00eancia de decis\u00f5es empresariais. O Selo A\u00e7\u00e3o \u00c9tica, lan\u00e7ado pela AARB em Agosto de 2023, traduz o compromisso das Autoridades de Registro aderentes com pr\u00e1ticas \u00e9ticas de gest\u00e3o e neg\u00f3cios.<\/p>\n","protected":false},"author":1,"featured_media":29,"parent":0,"menu_order":0,"comment_status":"closed","ping_status":"closed","template":"page-fullwidth.php","meta":[],"_links":{"self":[{"href":"https:\/\/aarb.org.br\/seloacaoetica\/wp-json\/wp\/v2\/pages\/5"}],"collection":[{"href":"https:\/\/aarb.org.br\/seloacaoetica\/wp-json\/wp\/v2\/pages"}],"about":[{"href":"https:\/\/aarb.org.br\/seloacaoetica\/wp-json\/wp\/v2\/types\/page"}],"author":[{"embeddable":true,"href":"https:\/\/aarb.org.br\/seloacaoetica\/wp-json\/wp\/v2\/users\/1"}],"replies":[{"embeddable":true,"href":"https:\/\/aarb.org.br\/seloacaoetica\/wp-json\/wp\/v2\/comments?post=5"}],"version-history":[{"count":4,"href":"https:\/\/aarb.org.br\/seloacaoetica\/wp-json\/wp\/v2\/pages\/5\/revisions"}],"predecessor-version":[{"id":47,"href":"https:\/\/aarb.org.br\/seloacaoetica\/wp-json\/wp\/v2\/pages\/5\/revisions\/47"}],"wp:featuredmedia":[{"embeddable":true,"href":"https:\/\/aarb.org.br\/seloacaoetica\/wp-json\/wp\/v2\/media\/29"}],"wp:attachment":[{"href":"https:\/\/aarb.org.br\/seloacaoetica\/wp-json\/wp\/v2\/media?parent=5"}],"curies":[{"name":"wp","href":"https:\/\/api.w.org\/{rel}","templated":true}]}}