{"id":15,"date":"2023-09-12T18:58:28","date_gmt":"2023-09-12T21:58:28","guid":{"rendered":"https:\/\/aarb.org.br\/seloacaoetica\/?page_id=15"},"modified":"2025-06-05T08:31:48","modified_gmt":"2025-06-05T11:31:48","slug":"empresas-compromissadas","status":"publish","type":"page","link":"https:\/\/aarb.org.br\/seloacaoetica\/empresas-compromissadas\/","title":{"rendered":"Empresas Compromissadas"},"content":{"rendered":"\n<div id=\"empresas\">\n<div id=\"box_empresas\">\n\n<div class=\"logo_empresas\">\n<a href=\"https:\/\/protense.com.br\"><img src=\"https:\/\/aarb.org.br\/seloacaoetica\/images\/logo_Protense.png\" alt=\"Protense\"><\/a><\/div>\n\n<div class=\"logo_empresas\">\n<a href=\"https:\/\/cearacertificacao.com.br\/\"><img src=\"https:\/\/aarb.org.br\/seloacaoetica\/images\/logo_Ceara.png\" alt=\"Cear\u00e1 Certifica\u00e7\u00e3o\"><\/a><\/div>\n\n<div class=\"logo_empresas\">\n<a href=\"http:\/\/www.pks7.com.br\/\"><img src=\"https:\/\/aarb.org.br\/seloacaoetica\/images\/logo_PKS7.png\" alt=\"AR PKS7\"><\/a><\/div>\n\n<div class=\"logo_empresas\">\n<a href=\"https:\/\/www.sicdigital.com.br\"><img src=\"https:\/\/aarb.org.br\/seloacaoetica\/images\/logo_sic.png\" alt=\"SIC CERTIFICA\u00c7\u00c3O DIGITAL\"><\/a><\/div>\n\n<div class=\"logo_empresas\">\n<a href=\"https:\/\/certfacil.com.br\"><img src=\"https:\/\/aarb.org.br\/seloacaoetica\/images\/logo_Certifacil.png\" alt=\"AR CertF\u00e1cil\"><\/a><\/div>\n\n<div class=\"logo_empresas\">\n<a href=\"https:\/\/certifiqueonline.com.br\/\"><img src=\"https:\/\/aarb.org.br\/seloacaoetica\/images\/logo_Certifique.png\" alt=\"CertifiqueOnline\"><\/a><\/div>\n\n<div class=\"logo_empresas\">\n<a href=\"https:\/\/vegcertificado.com.br\/\"><img src=\"https:\/\/aarb.org.br\/seloacaoetica\/images\/logo_VeG.png\" alt=\"AR V&amp;G\"><\/a><\/div>\n\n<div class=\"logo_empresas\">\n<a href=\"https:\/\/sigcertificadora.com.br\"><img src=\"https:\/\/aarb.org.br\/seloacaoetica\/images\/logo_SIG.png\" alt=\"AR SIG Certificadora\"><\/a><\/div>\n\n<div class=\"logo_empresas\">\n<a href=\"www.certirio.com.br\"><img src=\"https:\/\/aarb.org.br\/seloacaoetica\/images\/logo_Certirio.png\" alt=\"CertiRio\"><\/a><\/div>\n\n<div class=\"logo_empresas\">\n<a href=\"www.arsaopaulo.com.br\"><img src=\"https:\/\/aarb.org.br\/seloacaoetica\/images\/logo_ARSaoPaulo.png\" alt=\"AR S\u00c3O PAULO\"><\/a><\/div>\n\n<div class=\"logo_empresas\">\n<a href=\"https:\/\/youcertificados.com.br\"><img src=\"https:\/\/aarb.org.br\/seloacaoetica\/images\/You_digital.png\" alt=\"AR YOU Digital\"><\/a><\/div>\n\n<div class=\"logo_empresas\">\n<a href=\"https:\/\/www.issacarcertificados.com.br\/\"><img src=\"https:\/\/aarb.org.br\/seloacaoetica\/images\/logo_Issacar.png\" alt=\"Issacar Solu\u00e7\u00f5es Empresarias\"><\/a><\/div>\n\n<div class=\"logo_empresas\">\n<a href=\"https:\/\/www.brasilpontodigital.com.br\/\"><img src=\"https:\/\/aarb.org.br\/seloacaoetica\/images\/logo_Brasil_Ponto_Digital.png\" alt=\"Brasil Ponto Digital\"><\/a><\/div>\n\n<div class=\"logo_empresas\">\n<a href=\"https:\/\/www.linkedin.com\/company\/convergenciadigital\/\"><img src=\"https:\/\/aarb.org.br\/seloacaoetica\/wp-content\/uploads\/2025\/06\/Logo_Convergencia_Digital.png\" alt=\"Converg\u00eancia Digital\"><\/a><\/div>\n\n<div class=\"clear_both\"><\/div><\/div><\/div>\n","protected":false},"excerpt":{"rendered":"","protected":false},"author":1,"featured_media":0,"parent":0,"menu_order":0,"comment_status":"closed","ping_status":"closed","template":"page-cartas-fullwidth.php","meta":[],"_links":{"self":[{"href":"https:\/\/aarb.org.br\/seloacaoetica\/wp-json\/wp\/v2\/pages\/15"}],"collection":[{"href":"https:\/\/aarb.org.br\/seloacaoetica\/wp-json\/wp\/v2\/pages"}],"about":[{"href":"https:\/\/aarb.org.br\/seloacaoetica\/wp-json\/wp\/v2\/types\/page"}],"author":[{"embeddable":true,"href":"https:\/\/aarb.org.br\/seloacaoetica\/wp-json\/wp\/v2\/users\/1"}],"replies":[{"embeddable":true,"href":"https:\/\/aarb.org.br\/seloacaoetica\/wp-json\/wp\/v2\/comments?post=15"}],"version-history":[{"count":22,"href":"https:\/\/aarb.org.br\/seloacaoetica\/wp-json\/wp\/v2\/pages\/15\/revisions"}],"predecessor-version":[{"id":153,"href":"https:\/\/aarb.org.br\/seloacaoetica\/wp-json\/wp\/v2\/pages\/15\/revisions\/153"}],"wp:attachment":[{"href":"https:\/\/aarb.org.br\/seloacaoetica\/wp-json\/wp\/v2\/media?parent=15"}],"curies":[{"name":"wp","href":"https:\/\/api.w.org\/{rel}","templated":true}]}}