{"id":13,"date":"2023-09-12T18:57:12","date_gmt":"2023-09-12T21:57:12","guid":{"rendered":"https:\/\/aarb.org.br\/seloacaoetica\/?page_id=13"},"modified":"2023-09-19T18:55:43","modified_gmt":"2023-09-19T21:55:43","slug":"nao-conformidades","status":"publish","type":"page","link":"https:\/\/aarb.org.br\/seloacaoetica\/nao-conformidades\/","title":{"rendered":"N\u00e3o Conformidades"},"content":{"rendered":"<div role=\"form\" class=\"wpcf7\" id=\"wpcf7-f103-o1\" lang=\"pt-BR\" dir=\"ltr\">\n<div class=\"screen-reader-response\"><p role=\"status\" aria-live=\"polite\" aria-atomic=\"true\"><\/p> <ul><\/ul><\/div>\n<form action=\"\/seloacaoetica\/wp-json\/wp\/v2\/pages\/13#wpcf7-f103-o1\" method=\"post\" class=\"wpcf7-form init\" enctype=\"multipart\/form-data\" novalidate=\"novalidate\" data-status=\"init\">\n<div style=\"display: none;\">\n<input type=\"hidden\" name=\"_wpcf7\" value=\"103\" \/>\n<input type=\"hidden\" name=\"_wpcf7_version\" value=\"5.4\" \/>\n<input type=\"hidden\" name=\"_wpcf7_locale\" value=\"pt_BR\" \/>\n<input type=\"hidden\" name=\"_wpcf7_unit_tag\" value=\"wpcf7-f103-o1\" \/>\n<input type=\"hidden\" name=\"_wpcf7_container_post\" value=\"0\" \/>\n<input type=\"hidden\" name=\"_wpcf7_posted_data_hash\" value=\"\" \/>\n<\/div>\n<p><label> Nome do Informante<br \/>\n<span class=\"wpcf7-form-control-wrap nome\"><input type=\"text\" name=\"nome\" value=\"\" size=\"40\" class=\"wpcf7-form-control wpcf7-text wpcf7-validates-as-required\" aria-required=\"true\" aria-invalid=\"false\" \/><\/span> <\/label><\/p>\n<p><label> Dados de Contato<br \/>\n<span class=\"wpcf7-form-control-wrap dados\"><input type=\"text\" name=\"dados\" value=\"\" size=\"40\" class=\"wpcf7-form-control wpcf7-text wpcf7-validates-as-required\" aria-required=\"true\" aria-invalid=\"false\" \/><\/span><br \/>\n<\/label><\/p>\n<p><label> Empresa<br \/>\n<span class=\"wpcf7-form-control-wrap empresa\"><input type=\"text\" name=\"empresa\" value=\"\" size=\"40\" class=\"wpcf7-form-control wpcf7-text wpcf7-validates-as-required\" aria-required=\"true\" aria-invalid=\"false\" \/><\/span><br \/>\n<\/label><\/p>\n<p><label> Descri\u00e7\u00e3o da N\u00e3o Conformidade<br \/>\n<span class=\"wpcf7-form-control-wrap nao_conformidade\"><textarea name=\"nao_conformidade\" cols=\"40\" rows=\"10\" class=\"wpcf7-form-control wpcf7-textarea wpcf7-validates-as-required\" aria-required=\"true\" aria-invalid=\"false\"><\/textarea><\/span><br \/>\n<\/label><\/p>\n<p><label> Anexo de Documentos<br \/>\n<span class=\"wpcf7-form-control-wrap anexo\"><input type=\"file\" name=\"anexo\" size=\"40\" class=\"wpcf7-form-control wpcf7-file\" accept=\".jpg,.png,.pdf\" aria-invalid=\"false\" \/><\/span><\/label><\/p>\n<p><input type=\"submit\" value=\"Enviar\" class=\"wpcf7-form-control wpcf7-submit\" \/><\/p>\n<div class=\"wpcf7-response-output\" aria-hidden=\"true\"><\/div><\/form><\/div>\n\n\n\n<p><\/p>\n","protected":false},"excerpt":{"rendered":"","protected":false},"author":1,"featured_media":31,"parent":0,"menu_order":0,"comment_status":"closed","ping_status":"closed","template":"page-conformidade.php","meta":[],"_links":{"self":[{"href":"https:\/\/aarb.org.br\/seloacaoetica\/wp-json\/wp\/v2\/pages\/13"}],"collection":[{"href":"https:\/\/aarb.org.br\/seloacaoetica\/wp-json\/wp\/v2\/pages"}],"about":[{"href":"https:\/\/aarb.org.br\/seloacaoetica\/wp-json\/wp\/v2\/types\/page"}],"author":[{"embeddable":true,"href":"https:\/\/aarb.org.br\/seloacaoetica\/wp-json\/wp\/v2\/users\/1"}],"replies":[{"embeddable":true,"href":"https:\/\/aarb.org.br\/seloacaoetica\/wp-json\/wp\/v2\/comments?post=13"}],"version-history":[{"count":5,"href":"https:\/\/aarb.org.br\/seloacaoetica\/wp-json\/wp\/v2\/pages\/13\/revisions"}],"predecessor-version":[{"id":109,"href":"https:\/\/aarb.org.br\/seloacaoetica\/wp-json\/wp\/v2\/pages\/13\/revisions\/109"}],"wp:featuredmedia":[{"embeddable":true,"href":"https:\/\/aarb.org.br\/seloacaoetica\/wp-json\/wp\/v2\/media\/31"}],"wp:attachment":[{"href":"https:\/\/aarb.org.br\/seloacaoetica\/wp-json\/wp\/v2\/media?parent=13"}],"curies":[{"name":"wp","href":"https:\/\/api.w.org\/{rel}","templated":true}]}}