{"id":11,"date":"2023-09-12T18:56:51","date_gmt":"2023-09-12T21:56:51","guid":{"rendered":"https:\/\/aarb.org.br\/seloacaoetica\/?page_id=11"},"modified":"2023-09-14T19:13:28","modified_gmt":"2023-09-14T22:13:28","slug":"regras-de-uso","status":"publish","type":"page","link":"https:\/\/aarb.org.br\/seloacaoetica\/regras-de-uso\/","title":{"rendered":"Regras de Uso"},"content":{"rendered":"\n<p><strong>S\u00e3o as seguintes as regras para uso<\/strong><\/p>\n\n\n\n<ul><li>Somente poder\u00e3o utilizar o Selo as empresas que tiverem recebido a concess\u00e3o do Selo pela AARB;<\/li><li> O selo poder\u00e1 ser utilizado no formato e cores originais, conforme Manual da Marca;<\/li><li> A empresa compromissada poder\u00e1 utilizar o selo em todo e qualquer material de comunica\u00e7\u00e3o<\/li><\/ul>\n\n\n\n<p><\/p>\n","protected":false},"excerpt":{"rendered":"<p>S\u00e3o as seguintes as regras para uso Somente poder\u00e3o utilizar o Selo as empresas que tiverem recebido a concess\u00e3o do Selo pela AARB; O selo poder\u00e1 ser utilizado no formato e cores originais, conforme Manual da Marca; A empresa compromissada poder\u00e1 utilizar o selo em todo e qualquer material de comunica\u00e7\u00e3o<\/p>\n","protected":false},"author":1,"featured_media":29,"parent":0,"menu_order":0,"comment_status":"closed","ping_status":"closed","template":"page-fullwidth.php","meta":[],"_links":{"self":[{"href":"https:\/\/aarb.org.br\/seloacaoetica\/wp-json\/wp\/v2\/pages\/11"}],"collection":[{"href":"https:\/\/aarb.org.br\/seloacaoetica\/wp-json\/wp\/v2\/pages"}],"about":[{"href":"https:\/\/aarb.org.br\/seloacaoetica\/wp-json\/wp\/v2\/types\/page"}],"author":[{"embeddable":true,"href":"https:\/\/aarb.org.br\/seloacaoetica\/wp-json\/wp\/v2\/users\/1"}],"replies":[{"embeddable":true,"href":"https:\/\/aarb.org.br\/seloacaoetica\/wp-json\/wp\/v2\/comments?post=11"}],"version-history":[{"count":3,"href":"https:\/\/aarb.org.br\/seloacaoetica\/wp-json\/wp\/v2\/pages\/11\/revisions"}],"predecessor-version":[{"id":40,"href":"https:\/\/aarb.org.br\/seloacaoetica\/wp-json\/wp\/v2\/pages\/11\/revisions\/40"}],"wp:featuredmedia":[{"embeddable":true,"href":"https:\/\/aarb.org.br\/seloacaoetica\/wp-json\/wp\/v2\/media\/29"}],"wp:attachment":[{"href":"https:\/\/aarb.org.br\/seloacaoetica\/wp-json\/wp\/v2\/media?parent=11"}],"curies":[{"name":"wp","href":"https:\/\/api.w.org\/{rel}","templated":true}]}}